{"id":358,"date":"2021-02-22T19:24:39","date_gmt":"2021-02-22T19:24:39","guid":{"rendered":"http:\/\/thelabel.cz\/?post_type=product&#038;p=358"},"modified":"2021-05-01T01:10:03","modified_gmt":"2021-05-01T00:10:03","slug":"aty-isabel","status":"publish","type":"product","link":"https:\/\/www.thelabel.cz\/en\/product\/aty-isabel\/","title":{"rendered":"Dress &#8220;Isabella&#8221;"},"content":{"rendered":"","protected":false},"excerpt":{"rendered":"","protected":false},"featured_media":655,"template":"","meta":{"_acf_changed":false},"product_brand":[],"product_cat":[21],"product_tag":[18],"class_list":{"0":"post-358","1":"product","2":"type-product","3":"status-publish","4":"has-post-thumbnail","6":"product_cat-dresses","7":"product_tag-product-main","8":"pa_size-l","9":"pa_size-m","10":"pa_size-s","12":"first","13":"instock","14":"taxable","15":"shipping-taxable","16":"purchasable","17":"product-type-simple"},"acf":[],"yoast_head":"<!-- This site is optimized with the Yoast SEO plugin v25.6 - https:\/\/yoast.com\/wordpress\/plugins\/seo\/ -->\n<title>Dress &quot;Isabella&quot;<\/title>\n<meta name=\"description\" content=\"The dress is sewn from thick, opaque cotton. The fabric keeps the form well. It looks with sneakers, rough shoes and heels. In model height 168, size M\" \/>\n<meta name=\"robots\" content=\"index, follow, max-snippet:-1, max-image-preview:large, max-video-preview:-1\" \/>\n<link rel=\"canonical\" href=\"https:\/\/www.thelabel.cz\/en\/product\/aty-isabel\/\" \/>\n<meta property=\"og:locale\" content=\"en_GB\" \/>\n<meta property=\"og:locale:alternate\" content=\"cs-cs\" \/>\n<meta property=\"og:type\" content=\"article\" \/>\n<meta property=\"og:title\" content=\"Dress &quot;Isabella&quot;\" \/>\n<meta property=\"og:description\" content=\"The dress is sewn from thick, opaque cotton. The fabric keeps the form well. It looks with sneakers, rough shoes and heels. In model height 168, size M\" \/>\n<meta property=\"og:url\" content=\"https:\/\/www.thelabel.cz\/en\/product\/aty-isabel\/\" \/>\n<meta property=\"og:site_name\" content=\"The Label\" \/>\n<meta property=\"article:publisher\" content=\"https:\/\/www.facebook.com\/thelabelcz-106272481275155\/?ref=page_internal\" \/>\n<meta property=\"article:modified_time\" content=\"2021-05-01T00:10:03+00:00\" \/>\n<meta property=\"og:image\" content=\"https:\/\/www.thelabel.cz\/wp-content\/uploads\/the-label-2.jpg\" \/>\n\t<meta property=\"og:image:width\" content=\"800\" \/>\n\t<meta property=\"og:image:height\" content=\"1000\" \/>\n\t<meta property=\"og:image:type\" content=\"image\/jpeg\" \/>\n<meta name=\"twitter:card\" content=\"summary_large_image\" \/>\n<script type=\"application\/ld+json\" class=\"yoast-schema-graph\">{\"@context\":\"https:\/\/schema.org\",\"@graph\":[{\"@type\":\"WebPage\",\"@id\":\"https:\/\/www.thelabel.cz\/en\/product\/aty-isabel\/\",\"url\":\"https:\/\/www.thelabel.cz\/en\/product\/aty-isabel\/\",\"name\":\"Dress \\\"Isabella\\\"\",\"isPartOf\":{\"@id\":\"https:\/\/www.thelabel.cz\/#website\"},\"primaryImageOfPage\":{\"@id\":\"https:\/\/www.thelabel.cz\/en\/product\/aty-isabel\/#primaryimage\"},\"image\":{\"@id\":\"https:\/\/www.thelabel.cz\/en\/product\/aty-isabel\/#primaryimage\"},\"thumbnailUrl\":\"https:\/\/www.thelabel.cz\/wp-content\/uploads\/the-label-2.jpg\",\"datePublished\":\"2021-02-22T19:24:39+00:00\",\"dateModified\":\"2021-05-01T00:10:03+00:00\",\"description\":\"The dress is sewn from thick, opaque cotton. The fabric keeps the form well. It looks with sneakers, rough shoes and heels. In model height 168, size M\",\"breadcrumb\":{\"@id\":\"https:\/\/www.thelabel.cz\/en\/product\/aty-isabel\/#breadcrumb\"},\"inLanguage\":\"en-GB\",\"potentialAction\":[{\"@type\":\"ReadAction\",\"target\":[\"https:\/\/www.thelabel.cz\/en\/product\/aty-isabel\/\"]}]},{\"@type\":\"ImageObject\",\"inLanguage\":\"en-GB\",\"@id\":\"https:\/\/www.thelabel.cz\/en\/product\/aty-isabel\/#primaryimage\",\"url\":\"https:\/\/www.thelabel.cz\/wp-content\/uploads\/the-label-2.jpg\",\"contentUrl\":\"https:\/\/www.thelabel.cz\/wp-content\/uploads\/the-label-2.jpg\",\"width\":800,\"height\":1000},{\"@type\":\"BreadcrumbList\",\"@id\":\"https:\/\/www.thelabel.cz\/en\/product\/aty-isabel\/#breadcrumb\",\"itemListElement\":[{\"@type\":\"ListItem\",\"position\":1,\"name\":\"\u0413\u043b\u0430\u0432\u043d\u0430\u044f \u0441\u0442\u0440\u0430\u043d\u0438\u0446\u0430\",\"item\":\"https:\/\/www.thelabel.cz\/en\/\"},{\"@type\":\"ListItem\",\"position\":2,\"name\":\"E-Shop | The Label.cz\",\"item\":\"https:\/\/www.thelabel.cz\/shop\/\"},{\"@type\":\"ListItem\",\"position\":3,\"name\":\"\u0160aty &#8222;Isabella&#8220;\"}]},{\"@type\":\"WebSite\",\"@id\":\"https:\/\/www.thelabel.cz\/#website\",\"url\":\"https:\/\/www.thelabel.cz\/\",\"name\":\"TheLabel.cz\",\"description\":\"The Label Apparel\",\"publisher\":{\"@id\":\"https:\/\/www.thelabel.cz\/#organization\"},\"potentialAction\":[{\"@type\":\"SearchAction\",\"target\":{\"@type\":\"EntryPoint\",\"urlTemplate\":\"https:\/\/www.thelabel.cz\/?s={search_term_string}\"},\"query-input\":{\"@type\":\"PropertyValueSpecification\",\"valueRequired\":true,\"valueName\":\"search_term_string\"}}],\"inLanguage\":\"en-GB\"},{\"@type\":\"Organization\",\"@id\":\"https:\/\/www.thelabel.cz\/#organization\",\"name\":\"TheLabel.cz\",\"url\":\"https:\/\/www.thelabel.cz\/\",\"logo\":{\"@type\":\"ImageObject\",\"inLanguage\":\"en-GB\",\"@id\":\"https:\/\/www.thelabel.cz\/#\/schema\/logo\/image\/\",\"url\":\"https:\/\/www.thelabel.cz\/wp-content\/uploads\/cropped-the-label-favicon.png\",\"contentUrl\":\"https:\/\/www.thelabel.cz\/wp-content\/uploads\/cropped-the-label-favicon.png\",\"width\":512,\"height\":512,\"caption\":\"TheLabel.cz\"},\"image\":{\"@id\":\"https:\/\/www.thelabel.cz\/#\/schema\/logo\/image\/\"},\"sameAs\":[\"https:\/\/www.facebook.com\/thelabelcz-106272481275155\/?ref=page_internal\",\"https:\/\/www.instagram.com\/thelabel.cz\/\"]}]}<\/script>\n<!-- \/ Yoast SEO plugin. -->","yoast_head_json":{"title":"Dress \"Isabella\"","description":"[:cz]\u0160aty jsou \u0161it\u00e9 z hust\u00e9, nepr\u016fhledn\u00e9 bavlny. Tkanina dob\u0159e dr\u017e\u00ed tvar. Vypadaj\u00ed dob\u0159e s teniskami, hrub\u00fdmi botami a patami. Model m\u00e1 v\u00fd\u0161ku 168 cm, velikost M[:en]The dress is sewn from thick, opaque cotton. The fabric keeps the form well. It looks with sneakers, rough shoes and heels. In model height 168, size M[:]","robots":{"index":"index","follow":"follow","max-snippet":"max-snippet:-1","max-image-preview":"max-image-preview:large","max-video-preview":"max-video-preview:-1"},"canonical":"https:\/\/www.thelabel.cz\/en\/product\/aty-isabel\/","og_locale":"en_GB","og_type":"article","og_title":"[:cz]\u0160aty \"Isabella\"[:en]Dress \"Isabella\"[:] - The Label","og_description":"[:cz]\u0160aty jsou \u0161it\u00e9 z hust\u00e9, nepr\u016fhledn\u00e9 bavlny. Tkanina dob\u0159e dr\u017e\u00ed tvar. Vypadaj\u00ed dob\u0159e s teniskami, hrub\u00fdmi botami a patami. Model m\u00e1 v\u00fd\u0161ku 168 cm, velikost M[:en]The dress is sewn from thick, opaque cotton. The fabric keeps the form well. It looks with sneakers, rough shoes and heels. In model height 168, size M[:]","og_url":"https:\/\/www.thelabel.cz\/en\/product\/aty-isabel\/","og_site_name":"The Label","article_publisher":"https:\/\/www.facebook.com\/thelabelcz-106272481275155\/?ref=page_internal","article_modified_time":"2021-05-01T00:10:03+00:00","og_image":[{"width":800,"height":1000,"url":"https:\/\/www.thelabel.cz\/wp-content\/uploads\/the-label-2.jpg","type":"image\/jpeg"}],"twitter_card":"summary_large_image","schema":{"@context":"https:\/\/schema.org","@graph":[{"@type":"WebPage","@id":"https:\/\/www.thelabel.cz\/en\/product\/aty-isabel\/","url":"https:\/\/www.thelabel.cz\/en\/product\/aty-isabel\/","name":"Dress \"Isabella\"","isPartOf":{"@id":"https:\/\/www.thelabel.cz\/#website"},"primaryImageOfPage":{"@id":"https:\/\/www.thelabel.cz\/en\/product\/aty-isabel\/#primaryimage"},"image":{"@id":"https:\/\/www.thelabel.cz\/en\/product\/aty-isabel\/#primaryimage"},"thumbnailUrl":"https:\/\/www.thelabel.cz\/wp-content\/uploads\/the-label-2.jpg","datePublished":"2021-02-22T19:24:39+00:00","dateModified":"2021-05-01T00:10:03+00:00","description":"The dress is sewn from thick, opaque cotton. The fabric keeps the form well. It looks with sneakers, rough shoes and heels. In model height 168, size M","breadcrumb":{"@id":"https:\/\/www.thelabel.cz\/en\/product\/aty-isabel\/#breadcrumb"},"inLanguage":"en-GB","potentialAction":[{"@type":"ReadAction","target":["https:\/\/www.thelabel.cz\/en\/product\/aty-isabel\/"]}]},{"@type":"ImageObject","inLanguage":"en-GB","@id":"https:\/\/www.thelabel.cz\/en\/product\/aty-isabel\/#primaryimage","url":"https:\/\/www.thelabel.cz\/wp-content\/uploads\/the-label-2.jpg","contentUrl":"https:\/\/www.thelabel.cz\/wp-content\/uploads\/the-label-2.jpg","width":800,"height":1000},{"@type":"BreadcrumbList","@id":"https:\/\/www.thelabel.cz\/en\/product\/aty-isabel\/#breadcrumb","itemListElement":[{"@type":"ListItem","position":1,"name":"\u0413\u043b\u0430\u0432\u043d\u0430\u044f \u0441\u0442\u0440\u0430\u043d\u0438\u0446\u0430","item":"https:\/\/www.thelabel.cz\/en\/"},{"@type":"ListItem","position":2,"name":"E-Shop | The Label.cz","item":"https:\/\/www.thelabel.cz\/shop\/"},{"@type":"ListItem","position":3,"name":"\u0160aty &#8222;Isabella&#8220;"}]},{"@type":"WebSite","@id":"https:\/\/www.thelabel.cz\/#website","url":"https:\/\/www.thelabel.cz\/","name":"TheLabel.cz","description":"The Label Apparel","publisher":{"@id":"https:\/\/www.thelabel.cz\/#organization"},"potentialAction":[{"@type":"SearchAction","target":{"@type":"EntryPoint","urlTemplate":"https:\/\/www.thelabel.cz\/?s={search_term_string}"},"query-input":{"@type":"PropertyValueSpecification","valueRequired":true,"valueName":"search_term_string"}}],"inLanguage":"en-GB"},{"@type":"Organization","@id":"https:\/\/www.thelabel.cz\/#organization","name":"TheLabel.cz","url":"https:\/\/www.thelabel.cz\/","logo":{"@type":"ImageObject","inLanguage":"en-GB","@id":"https:\/\/www.thelabel.cz\/#\/schema\/logo\/image\/","url":"https:\/\/www.thelabel.cz\/wp-content\/uploads\/cropped-the-label-favicon.png","contentUrl":"https:\/\/www.thelabel.cz\/wp-content\/uploads\/cropped-the-label-favicon.png","width":512,"height":512,"caption":"TheLabel.cz"},"image":{"@id":"https:\/\/www.thelabel.cz\/#\/schema\/logo\/image\/"},"sameAs":["https:\/\/www.facebook.com\/thelabelcz-106272481275155\/?ref=page_internal","https:\/\/www.instagram.com\/thelabel.cz\/"]}]}},"_links":{"self":[{"href":"https:\/\/www.thelabel.cz\/en\/wp-json\/wp\/v2\/product\/358","targetHints":{"allow":["GET"]}}],"collection":[{"href":"https:\/\/www.thelabel.cz\/en\/wp-json\/wp\/v2\/product"}],"about":[{"href":"https:\/\/www.thelabel.cz\/en\/wp-json\/wp\/v2\/types\/product"}],"wp:featuredmedia":[{"embeddable":true,"href":"https:\/\/www.thelabel.cz\/en\/wp-json\/wp\/v2\/media\/655"}],"wp:attachment":[{"href":"https:\/\/www.thelabel.cz\/en\/wp-json\/wp\/v2\/media?parent=358"}],"wp:term":[{"taxonomy":"product_brand","embeddable":true,"href":"https:\/\/www.thelabel.cz\/en\/wp-json\/wp\/v2\/product_brand?post=358"},{"taxonomy":"product_cat","embeddable":true,"href":"https:\/\/www.thelabel.cz\/en\/wp-json\/wp\/v2\/product_cat?post=358"},{"taxonomy":"product_tag","embeddable":true,"href":"https:\/\/www.thelabel.cz\/en\/wp-json\/wp\/v2\/product_tag?post=358"}],"curies":[{"name":"wp","href":"https:\/\/api.w.org\/{rel}","templated":true}]}}