{"id":369,"date":"2021-02-22T19:44:50","date_gmt":"2021-02-22T19:44:50","guid":{"rendered":"http:\/\/thelabel.cz\/?post_type=product&#038;p=369"},"modified":"2022-08-15T21:40:03","modified_gmt":"2022-08-15T20:40:03","slug":"svetr-merino-red-rose","status":"publish","type":"product","link":"https:\/\/www.thelabel.cz\/en\/product\/svetr-merino-red-rose\/","title":{"rendered":"Sweater merino  &#8220;Neon rose&#8221;"},"content":{"rendered":"","protected":false},"excerpt":{"rendered":"","protected":false},"featured_media":656,"template":"","meta":{"_acf_changed":false},"product_brand":[],"product_cat":[22],"product_tag":[16,18],"class_list":{"0":"post-369","1":"product","2":"type-product","3":"status-publish","4":"has-post-thumbnail","6":"product_cat-svetry","7":"product_tag-new","8":"product_tag-product-main","10":"first","11":"outofstock","12":"sale","13":"taxable","14":"shipping-taxable","15":"purchasable","16":"product-type-simple"},"acf":[],"yoast_head":"<!-- This site is optimized with the Yoast SEO plugin v25.6 - https:\/\/yoast.com\/wordpress\/plugins\/seo\/ -->\n<title>Sweater merino &quot;Neon rose&quot;<\/title>\n<meta name=\"description\" content=\"Soft, fine 100% merino yarn, ideal for every day. Put on a sweater of this yarn once, and you&#039;ll fall in love with it for the rest of your life!  The model is 169 cm tall, wearing a L-size sweater\" \/>\n<meta name=\"robots\" content=\"index, follow, max-snippet:-1, max-image-preview:large, max-video-preview:-1\" \/>\n<link rel=\"canonical\" href=\"https:\/\/www.thelabel.cz\/en\/product\/svetr-merino-red-rose\/\" \/>\n<meta property=\"og:locale\" content=\"en_GB\" \/>\n<meta property=\"og:locale:alternate\" content=\"cs-cs\" \/>\n<meta property=\"og:type\" content=\"article\" \/>\n<meta property=\"og:title\" content=\"Sweater merino &quot;Neon rose&quot;\" \/>\n<meta property=\"og:description\" content=\"Soft, fine 100% merino yarn, ideal for every day. Put on a sweater of this yarn once, and you&#039;ll fall in love with it for the rest of your life!  The model is 169 cm tall, wearing a L-size sweater\" \/>\n<meta property=\"og:url\" content=\"https:\/\/www.thelabel.cz\/en\/product\/svetr-merino-red-rose\/\" \/>\n<meta property=\"og:site_name\" content=\"The Label\" \/>\n<meta property=\"article:publisher\" content=\"https:\/\/www.facebook.com\/thelabelcz-106272481275155\/?ref=page_internal\" \/>\n<meta property=\"article:modified_time\" content=\"2022-08-15T20:40:03+00:00\" \/>\n<meta property=\"og:image\" content=\"https:\/\/www.thelabel.cz\/wp-content\/uploads\/the-label-3.jpg\" \/>\n\t<meta property=\"og:image:width\" content=\"800\" \/>\n\t<meta property=\"og:image:height\" content=\"1000\" \/>\n\t<meta property=\"og:image:type\" content=\"image\/jpeg\" \/>\n<meta name=\"twitter:card\" content=\"summary_large_image\" \/>\n<script type=\"application\/ld+json\" class=\"yoast-schema-graph\">{\"@context\":\"https:\/\/schema.org\",\"@graph\":[{\"@type\":\"WebPage\",\"@id\":\"https:\/\/www.thelabel.cz\/product\/svetr-merino-red-rose\/\",\"url\":\"https:\/\/www.thelabel.cz\/product\/svetr-merino-red-rose\/\",\"name\":\"Sweater merino \\\"Neon rose\\\"\",\"isPartOf\":{\"@id\":\"https:\/\/www.thelabel.cz\/#website\"},\"primaryImageOfPage\":{\"@id\":\"https:\/\/www.thelabel.cz\/product\/svetr-merino-red-rose\/#primaryimage\"},\"image\":{\"@id\":\"https:\/\/www.thelabel.cz\/product\/svetr-merino-red-rose\/#primaryimage\"},\"thumbnailUrl\":\"https:\/\/www.thelabel.cz\/wp-content\/uploads\/the-label-3.jpg\",\"datePublished\":\"2021-02-22T19:44:50+00:00\",\"dateModified\":\"2022-08-15T20:40:03+00:00\",\"description\":\"Soft, fine 100% merino yarn, ideal for every day. Put on a sweater of this yarn once, and you'll fall in love with it for the rest of your life! The model is 169 cm tall, wearing a L-size sweater\",\"breadcrumb\":{\"@id\":\"https:\/\/www.thelabel.cz\/product\/svetr-merino-red-rose\/#breadcrumb\"},\"inLanguage\":\"en-GB\",\"potentialAction\":[{\"@type\":\"ReadAction\",\"target\":[\"https:\/\/www.thelabel.cz\/product\/svetr-merino-red-rose\/\"]}]},{\"@type\":\"ImageObject\",\"inLanguage\":\"en-GB\",\"@id\":\"https:\/\/www.thelabel.cz\/product\/svetr-merino-red-rose\/#primaryimage\",\"url\":\"https:\/\/www.thelabel.cz\/wp-content\/uploads\/the-label-3.jpg\",\"contentUrl\":\"https:\/\/www.thelabel.cz\/wp-content\/uploads\/the-label-3.jpg\",\"width\":800,\"height\":1000},{\"@type\":\"BreadcrumbList\",\"@id\":\"https:\/\/www.thelabel.cz\/product\/svetr-merino-red-rose\/#breadcrumb\",\"itemListElement\":[{\"@type\":\"ListItem\",\"position\":1,\"name\":\"\u0413\u043b\u0430\u0432\u043d\u0430\u044f \u0441\u0442\u0440\u0430\u043d\u0438\u0446\u0430\",\"item\":\"https:\/\/www.thelabel.cz\/en\/\"},{\"@type\":\"ListItem\",\"position\":2,\"name\":\"E-Shop | The Label.cz\",\"item\":\"https:\/\/www.thelabel.cz\/shop\/\"},{\"@type\":\"ListItem\",\"position\":3,\"name\":\"Svetr merino &#8222;Neon Rose&#8220;\"}]},{\"@type\":\"WebSite\",\"@id\":\"https:\/\/www.thelabel.cz\/#website\",\"url\":\"https:\/\/www.thelabel.cz\/\",\"name\":\"TheLabel.cz\",\"description\":\"The Label Apparel\",\"publisher\":{\"@id\":\"https:\/\/www.thelabel.cz\/#organization\"},\"potentialAction\":[{\"@type\":\"SearchAction\",\"target\":{\"@type\":\"EntryPoint\",\"urlTemplate\":\"https:\/\/www.thelabel.cz\/?s={search_term_string}\"},\"query-input\":{\"@type\":\"PropertyValueSpecification\",\"valueRequired\":true,\"valueName\":\"search_term_string\"}}],\"inLanguage\":\"en-GB\"},{\"@type\":\"Organization\",\"@id\":\"https:\/\/www.thelabel.cz\/#organization\",\"name\":\"TheLabel.cz\",\"url\":\"https:\/\/www.thelabel.cz\/\",\"logo\":{\"@type\":\"ImageObject\",\"inLanguage\":\"en-GB\",\"@id\":\"https:\/\/www.thelabel.cz\/#\/schema\/logo\/image\/\",\"url\":\"https:\/\/www.thelabel.cz\/wp-content\/uploads\/cropped-the-label-favicon.png\",\"contentUrl\":\"https:\/\/www.thelabel.cz\/wp-content\/uploads\/cropped-the-label-favicon.png\",\"width\":512,\"height\":512,\"caption\":\"TheLabel.cz\"},\"image\":{\"@id\":\"https:\/\/www.thelabel.cz\/#\/schema\/logo\/image\/\"},\"sameAs\":[\"https:\/\/www.facebook.com\/thelabelcz-106272481275155\/?ref=page_internal\",\"https:\/\/www.instagram.com\/thelabel.cz\/\"]}]}<\/script>\n<!-- \/ Yoast SEO plugin. -->","yoast_head_json":{"title":"Sweater merino \"Neon rose\"","description":"[:cz]M\u011bkk\u00e1, jemn\u00e1 100 merino p\u0159\u00edze v neonov\u00e9 r\u016f\u017eov\u00e9 barv\u011b, ide\u00e1ln\u00ed pro ka\u017ed\u00fd den. Jakmile svetr z t\u00e9to p\u0159\u00edze jednou vyzkou\u0161\u00edte, budete jej nosit st\u00e1le! Model je vysok\u00fd 169 cm a m\u00e1 velikost M.[:en]Soft, fine 100% merino yarn, ideal for every day. Put on a sweater of this yarn once, and you'll fall in love with it for the rest of your life!  The model is 169 cm tall, wearing a L-size sweater[:]","robots":{"index":"index","follow":"follow","max-snippet":"max-snippet:-1","max-image-preview":"max-image-preview:large","max-video-preview":"max-video-preview:-1"},"canonical":"https:\/\/www.thelabel.cz\/en\/product\/svetr-merino-red-rose\/","og_locale":"en_GB","og_type":"article","og_title":"[:cz]Svetr merino \"Neon Rose\"[:en]Sweater merino \"Neon rose\"[:] - The Label","og_description":"[:cz]M\u011bkk\u00e1, jemn\u00e1 100 merino p\u0159\u00edze v neonov\u00e9 r\u016f\u017eov\u00e9 barv\u011b, ide\u00e1ln\u00ed pro ka\u017ed\u00fd den. Jakmile svetr z t\u00e9to p\u0159\u00edze jednou vyzkou\u0161\u00edte, budete jej nosit st\u00e1le! Model je vysok\u00fd 169 cm a m\u00e1 velikost M.[:en]Soft, fine 100% merino yarn, ideal for every day. Put on a sweater of this yarn once, and you'll fall in love with it for the rest of your life!  The model is 169 cm tall, wearing a L-size sweater[:]","og_url":"https:\/\/www.thelabel.cz\/en\/product\/svetr-merino-red-rose\/","og_site_name":"The Label","article_publisher":"https:\/\/www.facebook.com\/thelabelcz-106272481275155\/?ref=page_internal","article_modified_time":"2022-08-15T20:40:03+00:00","og_image":[{"width":800,"height":1000,"url":"https:\/\/www.thelabel.cz\/wp-content\/uploads\/the-label-3.jpg","type":"image\/jpeg"}],"twitter_card":"summary_large_image","schema":{"@context":"https:\/\/schema.org","@graph":[{"@type":"WebPage","@id":"https:\/\/www.thelabel.cz\/product\/svetr-merino-red-rose\/","url":"https:\/\/www.thelabel.cz\/product\/svetr-merino-red-rose\/","name":"Sweater merino \"Neon rose\"","isPartOf":{"@id":"https:\/\/www.thelabel.cz\/#website"},"primaryImageOfPage":{"@id":"https:\/\/www.thelabel.cz\/product\/svetr-merino-red-rose\/#primaryimage"},"image":{"@id":"https:\/\/www.thelabel.cz\/product\/svetr-merino-red-rose\/#primaryimage"},"thumbnailUrl":"https:\/\/www.thelabel.cz\/wp-content\/uploads\/the-label-3.jpg","datePublished":"2021-02-22T19:44:50+00:00","dateModified":"2022-08-15T20:40:03+00:00","description":"Soft, fine 100% merino yarn, ideal for every day. Put on a sweater of this yarn once, and you'll fall in love with it for the rest of your life! The model is 169 cm tall, wearing a L-size sweater","breadcrumb":{"@id":"https:\/\/www.thelabel.cz\/product\/svetr-merino-red-rose\/#breadcrumb"},"inLanguage":"en-GB","potentialAction":[{"@type":"ReadAction","target":["https:\/\/www.thelabel.cz\/product\/svetr-merino-red-rose\/"]}]},{"@type":"ImageObject","inLanguage":"en-GB","@id":"https:\/\/www.thelabel.cz\/product\/svetr-merino-red-rose\/#primaryimage","url":"https:\/\/www.thelabel.cz\/wp-content\/uploads\/the-label-3.jpg","contentUrl":"https:\/\/www.thelabel.cz\/wp-content\/uploads\/the-label-3.jpg","width":800,"height":1000},{"@type":"BreadcrumbList","@id":"https:\/\/www.thelabel.cz\/product\/svetr-merino-red-rose\/#breadcrumb","itemListElement":[{"@type":"ListItem","position":1,"name":"\u0413\u043b\u0430\u0432\u043d\u0430\u044f \u0441\u0442\u0440\u0430\u043d\u0438\u0446\u0430","item":"https:\/\/www.thelabel.cz\/en\/"},{"@type":"ListItem","position":2,"name":"E-Shop | The Label.cz","item":"https:\/\/www.thelabel.cz\/shop\/"},{"@type":"ListItem","position":3,"name":"Svetr merino &#8222;Neon Rose&#8220;"}]},{"@type":"WebSite","@id":"https:\/\/www.thelabel.cz\/#website","url":"https:\/\/www.thelabel.cz\/","name":"TheLabel.cz","description":"The Label Apparel","publisher":{"@id":"https:\/\/www.thelabel.cz\/#organization"},"potentialAction":[{"@type":"SearchAction","target":{"@type":"EntryPoint","urlTemplate":"https:\/\/www.thelabel.cz\/?s={search_term_string}"},"query-input":{"@type":"PropertyValueSpecification","valueRequired":true,"valueName":"search_term_string"}}],"inLanguage":"en-GB"},{"@type":"Organization","@id":"https:\/\/www.thelabel.cz\/#organization","name":"TheLabel.cz","url":"https:\/\/www.thelabel.cz\/","logo":{"@type":"ImageObject","inLanguage":"en-GB","@id":"https:\/\/www.thelabel.cz\/#\/schema\/logo\/image\/","url":"https:\/\/www.thelabel.cz\/wp-content\/uploads\/cropped-the-label-favicon.png","contentUrl":"https:\/\/www.thelabel.cz\/wp-content\/uploads\/cropped-the-label-favicon.png","width":512,"height":512,"caption":"TheLabel.cz"},"image":{"@id":"https:\/\/www.thelabel.cz\/#\/schema\/logo\/image\/"},"sameAs":["https:\/\/www.facebook.com\/thelabelcz-106272481275155\/?ref=page_internal","https:\/\/www.instagram.com\/thelabel.cz\/"]}]}},"_links":{"self":[{"href":"https:\/\/www.thelabel.cz\/en\/wp-json\/wp\/v2\/product\/369","targetHints":{"allow":["GET"]}}],"collection":[{"href":"https:\/\/www.thelabel.cz\/en\/wp-json\/wp\/v2\/product"}],"about":[{"href":"https:\/\/www.thelabel.cz\/en\/wp-json\/wp\/v2\/types\/product"}],"wp:featuredmedia":[{"embeddable":true,"href":"https:\/\/www.thelabel.cz\/en\/wp-json\/wp\/v2\/media\/656"}],"wp:attachment":[{"href":"https:\/\/www.thelabel.cz\/en\/wp-json\/wp\/v2\/media?parent=369"}],"wp:term":[{"taxonomy":"product_brand","embeddable":true,"href":"https:\/\/www.thelabel.cz\/en\/wp-json\/wp\/v2\/product_brand?post=369"},{"taxonomy":"product_cat","embeddable":true,"href":"https:\/\/www.thelabel.cz\/en\/wp-json\/wp\/v2\/product_cat?post=369"},{"taxonomy":"product_tag","embeddable":true,"href":"https:\/\/www.thelabel.cz\/en\/wp-json\/wp\/v2\/product_tag?post=369"}],"curies":[{"name":"wp","href":"https:\/\/api.w.org\/{rel}","templated":true}]}}