{"id":789,"date":"2021-07-20T15:51:00","date_gmt":"2021-07-20T14:51:00","guid":{"rendered":"https:\/\/thelabel.cz\/?post_type=product&#038;p=789"},"modified":"2021-08-16T18:52:19","modified_gmt":"2021-08-16T17:52:19","slug":"saty-isabella","status":"publish","type":"product","link":"https:\/\/www.thelabel.cz\/en\/product\/saty-isabella\/","title":{"rendered":"Dress &#8220;Monika&#8221;"},"content":{"rendered":"","protected":false},"excerpt":{"rendered":"","protected":false},"featured_media":896,"template":"","meta":{"_acf_changed":false},"product_brand":[],"product_cat":[21],"product_tag":[16,18],"class_list":{"0":"post-789","1":"product","2":"type-product","3":"status-publish","4":"has-post-thumbnail","6":"product_cat-dresses","7":"product_tag-new","8":"product_tag-product-main","9":"pa_size-l","10":"pa_size-m","11":"pa_size-s","13":"first","14":"instock","15":"sale","16":"taxable","17":"shipping-taxable","18":"purchasable","19":"product-type-simple"},"acf":[],"yoast_head":"<!-- This site is optimized with the Yoast SEO plugin v25.6 - https:\/\/yoast.com\/wordpress\/plugins\/seo\/ -->\n<title>Dress &quot;Monika&quot;<\/title>\n<meta name=\"description\" content=\"The dress is sewn from a thick, opaque crepzorzet. This beautiful georgette has a soft, slightly grainy touch and blends very beautifully. The fabric holds the shape well. They look good with sneakers, coarse shoes and heels. The sleeves can be unbuckled with buttons. The model has a height of 168 cm, size M\" \/>\n<meta name=\"robots\" content=\"index, follow, max-snippet:-1, max-image-preview:large, max-video-preview:-1\" \/>\n<link rel=\"canonical\" href=\"https:\/\/www.thelabel.cz\/en\/product\/saty-isabella\/\" \/>\n<meta property=\"og:locale\" content=\"en_GB\" \/>\n<meta property=\"og:locale:alternate\" content=\"cs-cs\" \/>\n<meta property=\"og:type\" content=\"article\" \/>\n<meta property=\"og:title\" content=\"Dress &quot;Monika&quot;\" \/>\n<meta property=\"og:description\" content=\"The dress is sewn from a thick, opaque crepzorzet. This beautiful georgette has a soft, slightly grainy touch and blends very beautifully. The fabric holds the shape well. They look good with sneakers, coarse shoes and heels. The sleeves can be unbuckled with buttons. The model has a height of 168 cm, size M\" \/>\n<meta property=\"og:url\" content=\"https:\/\/www.thelabel.cz\/en\/product\/saty-isabella\/\" \/>\n<meta property=\"og:site_name\" content=\"The Label\" \/>\n<meta property=\"article:publisher\" content=\"https:\/\/www.facebook.com\/thelabelcz-106272481275155\/?ref=page_internal\" \/>\n<meta property=\"article:modified_time\" content=\"2021-08-16T17:52:19+00:00\" \/>\n<meta property=\"og:image\" content=\"https:\/\/www.thelabel.cz\/wp-content\/uploads\/DSC_5950.jpg\" \/>\n\t<meta property=\"og:image:width\" content=\"1\" \/>\n\t<meta property=\"og:image:height\" content=\"1\" \/>\n\t<meta property=\"og:image:type\" content=\"image\/jpeg\" \/>\n<meta name=\"twitter:card\" content=\"summary_large_image\" \/>\n<script type=\"application\/ld+json\" class=\"yoast-schema-graph\">{\"@context\":\"https:\/\/schema.org\",\"@graph\":[{\"@type\":\"WebPage\",\"@id\":\"https:\/\/www.thelabel.cz\/en\/product\/saty-isabella\/\",\"url\":\"https:\/\/www.thelabel.cz\/en\/product\/saty-isabella\/\",\"name\":\"Dress \\\"Monika\\\"\",\"isPartOf\":{\"@id\":\"https:\/\/www.thelabel.cz\/#website\"},\"primaryImageOfPage\":{\"@id\":\"https:\/\/www.thelabel.cz\/en\/product\/saty-isabella\/#primaryimage\"},\"image\":{\"@id\":\"https:\/\/www.thelabel.cz\/en\/product\/saty-isabella\/#primaryimage\"},\"thumbnailUrl\":\"https:\/\/www.thelabel.cz\/wp-content\/uploads\/DSC_5950.jpg\",\"datePublished\":\"2021-07-20T14:51:00+00:00\",\"dateModified\":\"2021-08-16T17:52:19+00:00\",\"description\":\"The dress is sewn from a thick, opaque crepzorzet. This beautiful georgette has a soft, slightly grainy touch and blends very beautifully. The fabric holds the shape well. They look good with sneakers, coarse shoes and heels. The sleeves can be unbuckled with buttons. The model has a height of 168 cm, size M\",\"breadcrumb\":{\"@id\":\"https:\/\/www.thelabel.cz\/en\/product\/saty-isabella\/#breadcrumb\"},\"inLanguage\":\"en-GB\",\"potentialAction\":[{\"@type\":\"ReadAction\",\"target\":[\"https:\/\/www.thelabel.cz\/en\/product\/saty-isabella\/\"]}]},{\"@type\":\"ImageObject\",\"inLanguage\":\"en-GB\",\"@id\":\"https:\/\/www.thelabel.cz\/en\/product\/saty-isabella\/#primaryimage\",\"url\":\"https:\/\/www.thelabel.cz\/wp-content\/uploads\/DSC_5950.jpg\",\"contentUrl\":\"https:\/\/www.thelabel.cz\/wp-content\/uploads\/DSC_5950.jpg\"},{\"@type\":\"BreadcrumbList\",\"@id\":\"https:\/\/www.thelabel.cz\/en\/product\/saty-isabella\/#breadcrumb\",\"itemListElement\":[{\"@type\":\"ListItem\",\"position\":1,\"name\":\"\u0413\u043b\u0430\u0432\u043d\u0430\u044f \u0441\u0442\u0440\u0430\u043d\u0438\u0446\u0430\",\"item\":\"https:\/\/www.thelabel.cz\/en\/\"},{\"@type\":\"ListItem\",\"position\":2,\"name\":\"E-Shop | The Label.cz\",\"item\":\"https:\/\/www.thelabel.cz\/shop\/\"},{\"@type\":\"ListItem\",\"position\":3,\"name\":\"\u0160aty &#8222;Monika&#8220;\"}]},{\"@type\":\"WebSite\",\"@id\":\"https:\/\/www.thelabel.cz\/#website\",\"url\":\"https:\/\/www.thelabel.cz\/\",\"name\":\"TheLabel.cz\",\"description\":\"The Label Apparel\",\"publisher\":{\"@id\":\"https:\/\/www.thelabel.cz\/#organization\"},\"potentialAction\":[{\"@type\":\"SearchAction\",\"target\":{\"@type\":\"EntryPoint\",\"urlTemplate\":\"https:\/\/www.thelabel.cz\/?s={search_term_string}\"},\"query-input\":{\"@type\":\"PropertyValueSpecification\",\"valueRequired\":true,\"valueName\":\"search_term_string\"}}],\"inLanguage\":\"en-GB\"},{\"@type\":\"Organization\",\"@id\":\"https:\/\/www.thelabel.cz\/#organization\",\"name\":\"TheLabel.cz\",\"url\":\"https:\/\/www.thelabel.cz\/\",\"logo\":{\"@type\":\"ImageObject\",\"inLanguage\":\"en-GB\",\"@id\":\"https:\/\/www.thelabel.cz\/#\/schema\/logo\/image\/\",\"url\":\"https:\/\/www.thelabel.cz\/wp-content\/uploads\/cropped-the-label-favicon.png\",\"contentUrl\":\"https:\/\/www.thelabel.cz\/wp-content\/uploads\/cropped-the-label-favicon.png\",\"width\":512,\"height\":512,\"caption\":\"TheLabel.cz\"},\"image\":{\"@id\":\"https:\/\/www.thelabel.cz\/#\/schema\/logo\/image\/\"},\"sameAs\":[\"https:\/\/www.facebook.com\/thelabelcz-106272481275155\/?ref=page_internal\",\"https:\/\/www.instagram.com\/thelabel.cz\/\"]}]}<\/script>\n<!-- \/ Yoast SEO plugin. -->","yoast_head_json":{"title":"Dress \"Monika\"","description":"[:cz]\u0160aty jsou \u0161it\u00e9 z krepzorzetu. Tento n\u00e1dhern\u00fd \u017eor\u017eet m\u00e1 jemn\u00fd, lehce zrnit\u00fd omak a velmi kr\u00e1sn\u011b spl\u00fdv\u00e1. Tkanina dob\u0159e dr\u017e\u00ed tvar. Vypadaj\u00ed dob\u0159e s teniskami, hrub\u00fdmi botami a patami.  Ruk\u00e1vy lze odepnout pomoc\u00ed knofl\u00edk\u016f. Model m\u00e1 v\u00fd\u0161ku 168 cm, velikost M[:en]The dress is sewn from a thick, opaque crepzorzet. This beautiful georgette has a soft, slightly grainy touch and blends very beautifully. The fabric holds the shape well. They look good with sneakers, coarse shoes and heels. The sleeves can be unbuckled with buttons. The model has a height of 168 cm, size M[:]","robots":{"index":"index","follow":"follow","max-snippet":"max-snippet:-1","max-image-preview":"max-image-preview:large","max-video-preview":"max-video-preview:-1"},"canonical":"https:\/\/www.thelabel.cz\/en\/product\/saty-isabella\/","og_locale":"en_GB","og_type":"article","og_title":"[:cz]\u0160aty \"Monika\"[:en]Dress \"Monika\"[:] - The Label","og_description":"[:cz]\u0160aty jsou \u0161it\u00e9 z krepzorzetu. Tento n\u00e1dhern\u00fd \u017eor\u017eet m\u00e1 jemn\u00fd, lehce zrnit\u00fd omak a velmi kr\u00e1sn\u011b spl\u00fdv\u00e1. Tkanina dob\u0159e dr\u017e\u00ed tvar. Vypadaj\u00ed dob\u0159e s teniskami, hrub\u00fdmi botami a patami.  Ruk\u00e1vy lze odepnout pomoc\u00ed knofl\u00edk\u016f. Model m\u00e1 v\u00fd\u0161ku 168 cm, velikost M[:en]The dress is sewn from a thick, opaque crepzorzet. This beautiful georgette has a soft, slightly grainy touch and blends very beautifully. The fabric holds the shape well. They look good with sneakers, coarse shoes and heels. The sleeves can be unbuckled with buttons. The model has a height of 168 cm, size M[:]","og_url":"https:\/\/www.thelabel.cz\/en\/product\/saty-isabella\/","og_site_name":"The Label","article_publisher":"https:\/\/www.facebook.com\/thelabelcz-106272481275155\/?ref=page_internal","article_modified_time":"2021-08-16T17:52:19+00:00","og_image":[{"url":"https:\/\/www.thelabel.cz\/wp-content\/uploads\/DSC_5950.jpg","width":1,"height":1,"type":"image\/jpeg"}],"twitter_card":"summary_large_image","schema":{"@context":"https:\/\/schema.org","@graph":[{"@type":"WebPage","@id":"https:\/\/www.thelabel.cz\/en\/product\/saty-isabella\/","url":"https:\/\/www.thelabel.cz\/en\/product\/saty-isabella\/","name":"Dress \"Monika\"","isPartOf":{"@id":"https:\/\/www.thelabel.cz\/#website"},"primaryImageOfPage":{"@id":"https:\/\/www.thelabel.cz\/en\/product\/saty-isabella\/#primaryimage"},"image":{"@id":"https:\/\/www.thelabel.cz\/en\/product\/saty-isabella\/#primaryimage"},"thumbnailUrl":"https:\/\/www.thelabel.cz\/wp-content\/uploads\/DSC_5950.jpg","datePublished":"2021-07-20T14:51:00+00:00","dateModified":"2021-08-16T17:52:19+00:00","description":"The dress is sewn from a thick, opaque crepzorzet. This beautiful georgette has a soft, slightly grainy touch and blends very beautifully. The fabric holds the shape well. They look good with sneakers, coarse shoes and heels. The sleeves can be unbuckled with buttons. The model has a height of 168 cm, size M","breadcrumb":{"@id":"https:\/\/www.thelabel.cz\/en\/product\/saty-isabella\/#breadcrumb"},"inLanguage":"en-GB","potentialAction":[{"@type":"ReadAction","target":["https:\/\/www.thelabel.cz\/en\/product\/saty-isabella\/"]}]},{"@type":"ImageObject","inLanguage":"en-GB","@id":"https:\/\/www.thelabel.cz\/en\/product\/saty-isabella\/#primaryimage","url":"https:\/\/www.thelabel.cz\/wp-content\/uploads\/DSC_5950.jpg","contentUrl":"https:\/\/www.thelabel.cz\/wp-content\/uploads\/DSC_5950.jpg"},{"@type":"BreadcrumbList","@id":"https:\/\/www.thelabel.cz\/en\/product\/saty-isabella\/#breadcrumb","itemListElement":[{"@type":"ListItem","position":1,"name":"\u0413\u043b\u0430\u0432\u043d\u0430\u044f \u0441\u0442\u0440\u0430\u043d\u0438\u0446\u0430","item":"https:\/\/www.thelabel.cz\/en\/"},{"@type":"ListItem","position":2,"name":"E-Shop | The Label.cz","item":"https:\/\/www.thelabel.cz\/shop\/"},{"@type":"ListItem","position":3,"name":"\u0160aty &#8222;Monika&#8220;"}]},{"@type":"WebSite","@id":"https:\/\/www.thelabel.cz\/#website","url":"https:\/\/www.thelabel.cz\/","name":"TheLabel.cz","description":"The Label Apparel","publisher":{"@id":"https:\/\/www.thelabel.cz\/#organization"},"potentialAction":[{"@type":"SearchAction","target":{"@type":"EntryPoint","urlTemplate":"https:\/\/www.thelabel.cz\/?s={search_term_string}"},"query-input":{"@type":"PropertyValueSpecification","valueRequired":true,"valueName":"search_term_string"}}],"inLanguage":"en-GB"},{"@type":"Organization","@id":"https:\/\/www.thelabel.cz\/#organization","name":"TheLabel.cz","url":"https:\/\/www.thelabel.cz\/","logo":{"@type":"ImageObject","inLanguage":"en-GB","@id":"https:\/\/www.thelabel.cz\/#\/schema\/logo\/image\/","url":"https:\/\/www.thelabel.cz\/wp-content\/uploads\/cropped-the-label-favicon.png","contentUrl":"https:\/\/www.thelabel.cz\/wp-content\/uploads\/cropped-the-label-favicon.png","width":512,"height":512,"caption":"TheLabel.cz"},"image":{"@id":"https:\/\/www.thelabel.cz\/#\/schema\/logo\/image\/"},"sameAs":["https:\/\/www.facebook.com\/thelabelcz-106272481275155\/?ref=page_internal","https:\/\/www.instagram.com\/thelabel.cz\/"]}]}},"_links":{"self":[{"href":"https:\/\/www.thelabel.cz\/en\/wp-json\/wp\/v2\/product\/789","targetHints":{"allow":["GET"]}}],"collection":[{"href":"https:\/\/www.thelabel.cz\/en\/wp-json\/wp\/v2\/product"}],"about":[{"href":"https:\/\/www.thelabel.cz\/en\/wp-json\/wp\/v2\/types\/product"}],"wp:featuredmedia":[{"embeddable":true,"href":"https:\/\/www.thelabel.cz\/en\/wp-json\/wp\/v2\/media\/896"}],"wp:attachment":[{"href":"https:\/\/www.thelabel.cz\/en\/wp-json\/wp\/v2\/media?parent=789"}],"wp:term":[{"taxonomy":"product_brand","embeddable":true,"href":"https:\/\/www.thelabel.cz\/en\/wp-json\/wp\/v2\/product_brand?post=789"},{"taxonomy":"product_cat","embeddable":true,"href":"https:\/\/www.thelabel.cz\/en\/wp-json\/wp\/v2\/product_cat?post=789"},{"taxonomy":"product_tag","embeddable":true,"href":"https:\/\/www.thelabel.cz\/en\/wp-json\/wp\/v2\/product_tag?post=789"}],"curies":[{"name":"wp","href":"https:\/\/api.w.org\/{rel}","templated":true}]}}