{"id":908,"date":"2021-08-04T14:17:05","date_gmt":"2021-08-04T13:17:05","guid":{"rendered":"https:\/\/thelabel.cz\/en\/?post_type=product&#038;p=908"},"modified":"2022-08-15T21:38:22","modified_gmt":"2022-08-15T20:38:22","slug":"suit-cotton-and-viscose","status":"publish","type":"product","link":"https:\/\/www.thelabel.cz\/en\/product\/suit-cotton-and-viscose\/","title":{"rendered":"Suit cotton and viscose mentol"},"content":{"rendered":"","protected":false},"excerpt":{"rendered":"","protected":false},"featured_media":882,"template":"","meta":{"_acf_changed":false},"product_brand":[],"product_cat":[30],"product_tag":[18],"class_list":{"0":"post-908","1":"product","2":"type-product","3":"status-publish","4":"has-post-thumbnail","6":"product_cat-suits","7":"product_tag-product-main","8":"pa_size-l","9":"pa_size-m","10":"pa_size-s","12":"first","13":"outofstock","14":"taxable","15":"shipping-taxable","16":"purchasable","17":"product-type-simple"},"acf":[],"yoast_head":"<!-- This site is optimized with the Yoast SEO plugin v25.6 - https:\/\/yoast.com\/wordpress\/plugins\/seo\/ -->\n<title>Suit cotton and viscose mentol<\/title>\n<meta name=\"description\" content=\"The cotton and viscose suit is knitted on an L-size knitting machine in Italian yarn. Suitable for smaller sizes in oversized dimensions  The model is 168 cm tall, size S.\" \/>\n<meta name=\"robots\" content=\"index, follow, max-snippet:-1, max-image-preview:large, max-video-preview:-1\" \/>\n<link rel=\"canonical\" href=\"https:\/\/www.thelabel.cz\/en\/product\/suit-cotton-and-viscose\/\" \/>\n<meta property=\"og:locale\" content=\"en_GB\" \/>\n<meta property=\"og:locale:alternate\" content=\"cs-cs\" \/>\n<meta property=\"og:type\" content=\"article\" \/>\n<meta property=\"og:title\" content=\"Suit cotton and viscose mentol\" \/>\n<meta property=\"og:description\" content=\"The cotton and viscose suit is knitted on an L-size knitting machine in Italian yarn. Suitable for smaller sizes in oversized dimensions  The model is 168 cm tall, size S.\" \/>\n<meta property=\"og:url\" content=\"https:\/\/www.thelabel.cz\/en\/product\/suit-cotton-and-viscose\/\" \/>\n<meta property=\"og:site_name\" content=\"The Label\" \/>\n<meta property=\"article:publisher\" content=\"https:\/\/www.facebook.com\/thelabelcz-106272481275155\/?ref=page_internal\" \/>\n<meta property=\"article:modified_time\" content=\"2022-08-15T20:38:22+00:00\" \/>\n<meta property=\"og:image\" content=\"https:\/\/www.thelabel.cz\/wp-content\/uploads\/DSC_6109-1-scaled.jpg\" \/>\n\t<meta property=\"og:image:width\" content=\"1707\" \/>\n\t<meta property=\"og:image:height\" content=\"2560\" \/>\n\t<meta property=\"og:image:type\" content=\"image\/jpeg\" \/>\n<meta name=\"twitter:card\" content=\"summary_large_image\" \/>\n<script type=\"application\/ld+json\" class=\"yoast-schema-graph\">{\"@context\":\"https:\/\/schema.org\",\"@graph\":[{\"@type\":\"WebPage\",\"@id\":\"https:\/\/www.thelabel.cz\/product\/suit-cotton-and-viscose\/\",\"url\":\"https:\/\/www.thelabel.cz\/product\/suit-cotton-and-viscose\/\",\"name\":\"Suit cotton and viscose mentol\",\"isPartOf\":{\"@id\":\"https:\/\/www.thelabel.cz\/#website\"},\"primaryImageOfPage\":{\"@id\":\"https:\/\/www.thelabel.cz\/product\/suit-cotton-and-viscose\/#primaryimage\"},\"image\":{\"@id\":\"https:\/\/www.thelabel.cz\/product\/suit-cotton-and-viscose\/#primaryimage\"},\"thumbnailUrl\":\"https:\/\/www.thelabel.cz\/wp-content\/uploads\/DSC_6109-1-scaled.jpg\",\"datePublished\":\"2021-08-04T13:17:05+00:00\",\"dateModified\":\"2022-08-15T20:38:22+00:00\",\"description\":\"The cotton and viscose suit is knitted on an L-size knitting machine in Italian yarn. Suitable for smaller sizes in oversized dimensions The model is 168 cm tall, size S.\",\"breadcrumb\":{\"@id\":\"https:\/\/www.thelabel.cz\/product\/suit-cotton-and-viscose\/#breadcrumb\"},\"inLanguage\":\"en-GB\",\"potentialAction\":[{\"@type\":\"ReadAction\",\"target\":[\"https:\/\/www.thelabel.cz\/product\/suit-cotton-and-viscose\/\"]}]},{\"@type\":\"ImageObject\",\"inLanguage\":\"en-GB\",\"@id\":\"https:\/\/www.thelabel.cz\/product\/suit-cotton-and-viscose\/#primaryimage\",\"url\":\"https:\/\/www.thelabel.cz\/wp-content\/uploads\/DSC_6109-1-scaled.jpg\",\"contentUrl\":\"https:\/\/www.thelabel.cz\/wp-content\/uploads\/DSC_6109-1-scaled.jpg\",\"width\":1707,\"height\":2560},{\"@type\":\"BreadcrumbList\",\"@id\":\"https:\/\/www.thelabel.cz\/product\/suit-cotton-and-viscose\/#breadcrumb\",\"itemListElement\":[{\"@type\":\"ListItem\",\"position\":1,\"name\":\"\u0413\u043b\u0430\u0432\u043d\u0430\u044f \u0441\u0442\u0440\u0430\u043d\u0438\u0446\u0430\",\"item\":\"https:\/\/www.thelabel.cz\/en\/\"},{\"@type\":\"ListItem\",\"position\":2,\"name\":\"E-Shop | The Label.cz\",\"item\":\"https:\/\/www.thelabel.cz\/shop\/\"},{\"@type\":\"ListItem\",\"position\":3,\"name\":\"Kost\u00fdm z bavlny a visk\u00f3zy mentol\"}]},{\"@type\":\"WebSite\",\"@id\":\"https:\/\/www.thelabel.cz\/#website\",\"url\":\"https:\/\/www.thelabel.cz\/\",\"name\":\"TheLabel.cz\",\"description\":\"The Label Apparel\",\"publisher\":{\"@id\":\"https:\/\/www.thelabel.cz\/#organization\"},\"potentialAction\":[{\"@type\":\"SearchAction\",\"target\":{\"@type\":\"EntryPoint\",\"urlTemplate\":\"https:\/\/www.thelabel.cz\/?s={search_term_string}\"},\"query-input\":{\"@type\":\"PropertyValueSpecification\",\"valueRequired\":true,\"valueName\":\"search_term_string\"}}],\"inLanguage\":\"en-GB\"},{\"@type\":\"Organization\",\"@id\":\"https:\/\/www.thelabel.cz\/#organization\",\"name\":\"TheLabel.cz\",\"url\":\"https:\/\/www.thelabel.cz\/\",\"logo\":{\"@type\":\"ImageObject\",\"inLanguage\":\"en-GB\",\"@id\":\"https:\/\/www.thelabel.cz\/#\/schema\/logo\/image\/\",\"url\":\"https:\/\/www.thelabel.cz\/wp-content\/uploads\/cropped-the-label-favicon.png\",\"contentUrl\":\"https:\/\/www.thelabel.cz\/wp-content\/uploads\/cropped-the-label-favicon.png\",\"width\":512,\"height\":512,\"caption\":\"TheLabel.cz\"},\"image\":{\"@id\":\"https:\/\/www.thelabel.cz\/#\/schema\/logo\/image\/\"},\"sameAs\":[\"https:\/\/www.facebook.com\/thelabelcz-106272481275155\/?ref=page_internal\",\"https:\/\/www.instagram.com\/thelabel.cz\/\"]}]}<\/script>\n<!-- \/ Yoast SEO plugin. -->","yoast_head_json":{"title":"Suit cotton and viscose mentol","description":"[:cz]Oblek z bavlny a visk\u00f3zy je pleten na pletac\u00edm stroji velikosti L z italsk\u00e9 p\u0159\u00edze. Vhodn\u00e9 pro men\u0161\u00ed velikosti v nadm\u011brn\u00fdch rozm\u011brech. Model je vysok\u00fd 169 cm a m\u00e1 velikost S.[:en]The cotton and viscose suit is knitted on an L-size knitting machine in Italian yarn. Suitable for smaller sizes in oversized dimensions  The model is 168 cm tall, size S.[:]","robots":{"index":"index","follow":"follow","max-snippet":"max-snippet:-1","max-image-preview":"max-image-preview:large","max-video-preview":"max-video-preview:-1"},"canonical":"https:\/\/www.thelabel.cz\/en\/product\/suit-cotton-and-viscose\/","og_locale":"en_GB","og_type":"article","og_title":"[:cz]Kost\u00fdm z bavlny a visk\u00f3zy mentol[:en]Suit cotton and viscose mentol[:] - The Label","og_description":"[:cz]Oblek z bavlny a visk\u00f3zy je pleten na pletac\u00edm stroji velikosti L z italsk\u00e9 p\u0159\u00edze. Vhodn\u00e9 pro men\u0161\u00ed velikosti v nadm\u011brn\u00fdch rozm\u011brech. Model je vysok\u00fd 169 cm a m\u00e1 velikost S.[:en]The cotton and viscose suit is knitted on an L-size knitting machine in Italian yarn. Suitable for smaller sizes in oversized dimensions  The model is 168 cm tall, size S.[:]","og_url":"https:\/\/www.thelabel.cz\/en\/product\/suit-cotton-and-viscose\/","og_site_name":"The Label","article_publisher":"https:\/\/www.facebook.com\/thelabelcz-106272481275155\/?ref=page_internal","article_modified_time":"2022-08-15T20:38:22+00:00","og_image":[{"width":1707,"height":2560,"url":"https:\/\/www.thelabel.cz\/wp-content\/uploads\/DSC_6109-1-scaled.jpg","type":"image\/jpeg"}],"twitter_card":"summary_large_image","schema":{"@context":"https:\/\/schema.org","@graph":[{"@type":"WebPage","@id":"https:\/\/www.thelabel.cz\/product\/suit-cotton-and-viscose\/","url":"https:\/\/www.thelabel.cz\/product\/suit-cotton-and-viscose\/","name":"Suit cotton and viscose mentol","isPartOf":{"@id":"https:\/\/www.thelabel.cz\/#website"},"primaryImageOfPage":{"@id":"https:\/\/www.thelabel.cz\/product\/suit-cotton-and-viscose\/#primaryimage"},"image":{"@id":"https:\/\/www.thelabel.cz\/product\/suit-cotton-and-viscose\/#primaryimage"},"thumbnailUrl":"https:\/\/www.thelabel.cz\/wp-content\/uploads\/DSC_6109-1-scaled.jpg","datePublished":"2021-08-04T13:17:05+00:00","dateModified":"2022-08-15T20:38:22+00:00","description":"The cotton and viscose suit is knitted on an L-size knitting machine in Italian yarn. Suitable for smaller sizes in oversized dimensions The model is 168 cm tall, size S.","breadcrumb":{"@id":"https:\/\/www.thelabel.cz\/product\/suit-cotton-and-viscose\/#breadcrumb"},"inLanguage":"en-GB","potentialAction":[{"@type":"ReadAction","target":["https:\/\/www.thelabel.cz\/product\/suit-cotton-and-viscose\/"]}]},{"@type":"ImageObject","inLanguage":"en-GB","@id":"https:\/\/www.thelabel.cz\/product\/suit-cotton-and-viscose\/#primaryimage","url":"https:\/\/www.thelabel.cz\/wp-content\/uploads\/DSC_6109-1-scaled.jpg","contentUrl":"https:\/\/www.thelabel.cz\/wp-content\/uploads\/DSC_6109-1-scaled.jpg","width":1707,"height":2560},{"@type":"BreadcrumbList","@id":"https:\/\/www.thelabel.cz\/product\/suit-cotton-and-viscose\/#breadcrumb","itemListElement":[{"@type":"ListItem","position":1,"name":"\u0413\u043b\u0430\u0432\u043d\u0430\u044f \u0441\u0442\u0440\u0430\u043d\u0438\u0446\u0430","item":"https:\/\/www.thelabel.cz\/en\/"},{"@type":"ListItem","position":2,"name":"E-Shop | The Label.cz","item":"https:\/\/www.thelabel.cz\/shop\/"},{"@type":"ListItem","position":3,"name":"Kost\u00fdm z bavlny a visk\u00f3zy mentol"}]},{"@type":"WebSite","@id":"https:\/\/www.thelabel.cz\/#website","url":"https:\/\/www.thelabel.cz\/","name":"TheLabel.cz","description":"The Label Apparel","publisher":{"@id":"https:\/\/www.thelabel.cz\/#organization"},"potentialAction":[{"@type":"SearchAction","target":{"@type":"EntryPoint","urlTemplate":"https:\/\/www.thelabel.cz\/?s={search_term_string}"},"query-input":{"@type":"PropertyValueSpecification","valueRequired":true,"valueName":"search_term_string"}}],"inLanguage":"en-GB"},{"@type":"Organization","@id":"https:\/\/www.thelabel.cz\/#organization","name":"TheLabel.cz","url":"https:\/\/www.thelabel.cz\/","logo":{"@type":"ImageObject","inLanguage":"en-GB","@id":"https:\/\/www.thelabel.cz\/#\/schema\/logo\/image\/","url":"https:\/\/www.thelabel.cz\/wp-content\/uploads\/cropped-the-label-favicon.png","contentUrl":"https:\/\/www.thelabel.cz\/wp-content\/uploads\/cropped-the-label-favicon.png","width":512,"height":512,"caption":"TheLabel.cz"},"image":{"@id":"https:\/\/www.thelabel.cz\/#\/schema\/logo\/image\/"},"sameAs":["https:\/\/www.facebook.com\/thelabelcz-106272481275155\/?ref=page_internal","https:\/\/www.instagram.com\/thelabel.cz\/"]}]}},"_links":{"self":[{"href":"https:\/\/www.thelabel.cz\/en\/wp-json\/wp\/v2\/product\/908","targetHints":{"allow":["GET"]}}],"collection":[{"href":"https:\/\/www.thelabel.cz\/en\/wp-json\/wp\/v2\/product"}],"about":[{"href":"https:\/\/www.thelabel.cz\/en\/wp-json\/wp\/v2\/types\/product"}],"wp:featuredmedia":[{"embeddable":true,"href":"https:\/\/www.thelabel.cz\/en\/wp-json\/wp\/v2\/media\/882"}],"wp:attachment":[{"href":"https:\/\/www.thelabel.cz\/en\/wp-json\/wp\/v2\/media?parent=908"}],"wp:term":[{"taxonomy":"product_brand","embeddable":true,"href":"https:\/\/www.thelabel.cz\/en\/wp-json\/wp\/v2\/product_brand?post=908"},{"taxonomy":"product_cat","embeddable":true,"href":"https:\/\/www.thelabel.cz\/en\/wp-json\/wp\/v2\/product_cat?post=908"},{"taxonomy":"product_tag","embeddable":true,"href":"https:\/\/www.thelabel.cz\/en\/wp-json\/wp\/v2\/product_tag?post=908"}],"curies":[{"name":"wp","href":"https:\/\/api.w.org\/{rel}","templated":true}]}}