{"id":924,"date":"2021-12-02T21:14:32","date_gmt":"2021-12-02T21:14:32","guid":{"rendered":"https:\/\/thelabel.cz\/?post_type=product&#038;p=924"},"modified":"2021-12-07T16:25:11","modified_gmt":"2021-12-07T16:25:11","slug":"nejjednodusi-pleteni-celenky-za-2-hodiny-s-hladkym-svem","status":"publish","type":"product","link":"https:\/\/www.thelabel.cz\/en\/product\/nejjednodusi-pleteni-celenky-za-2-hodiny-s-hladkym-svem\/","title":{"rendered":"Workshop -the easiest knitting headband in 2 hours with a smooth seam"},"content":{"rendered":"","protected":false},"excerpt":{"rendered":"","protected":false},"featured_media":925,"template":"","meta":{"_acf_changed":false},"product_brand":[],"product_cat":[20],"product_tag":[18],"class_list":{"0":"post-924","1":"product","2":"type-product","3":"status-publish","4":"has-post-thumbnail","6":"product_cat-masterklasses","7":"product_tag-product-main","9":"first","10":"instock","11":"sale","12":"taxable","13":"shipping-taxable","14":"purchasable","15":"product-type-simple"},"acf":[],"yoast_head":"<!-- This site is optimized with the Yoast SEO plugin v25.6 - https:\/\/yoast.com\/wordpress\/plugins\/seo\/ -->\n<title>Workshop -the easiest knitting headband in 2 hours with a smooth seam<\/title>\n<meta name=\"description\" content=\"* Easy mini-course with detailed description and video. * Difficulty knitting - suitable for kids and beginners! We need: 1-2 skeins of Czech yarn Vlnap \u201cGeisha\u201d (65% modacrylic, 20% wool, 15% mohair. 50g-139 meters * Links to purchase material can be found at the end of the mini-course. Or you can buy a box with a knitting set from us.\" \/>\n<meta name=\"robots\" content=\"index, follow, max-snippet:-1, max-image-preview:large, max-video-preview:-1\" \/>\n<link rel=\"canonical\" href=\"https:\/\/www.thelabel.cz\/en\/product\/nejjednodusi-pleteni-celenky-za-2-hodiny-s-hladkym-svem\/\" \/>\n<meta property=\"og:locale\" content=\"en_GB\" \/>\n<meta property=\"og:locale:alternate\" content=\"cs-cs\" \/>\n<meta property=\"og:type\" content=\"article\" \/>\n<meta property=\"og:title\" content=\"Workshop -the easiest knitting headband in 2 hours with a smooth seam\" \/>\n<meta property=\"og:description\" content=\"* Easy mini-course with detailed description and video. * Difficulty knitting - suitable for kids and beginners! We need: 1-2 skeins of Czech yarn Vlnap \u201cGeisha\u201d (65% modacrylic, 20% wool, 15% mohair. 50g-139 meters * Links to purchase material can be found at the end of the mini-course. Or you can buy a box with a knitting set from us.\" \/>\n<meta property=\"og:url\" content=\"https:\/\/www.thelabel.cz\/en\/product\/nejjednodusi-pleteni-celenky-za-2-hodiny-s-hladkym-svem\/\" \/>\n<meta property=\"og:site_name\" content=\"The Label\" \/>\n<meta property=\"article:publisher\" content=\"https:\/\/www.facebook.com\/thelabelcz-106272481275155\/?ref=page_internal\" \/>\n<meta property=\"article:modified_time\" content=\"2021-12-07T16:25:11+00:00\" \/>\n<meta property=\"og:image\" content=\"https:\/\/www.thelabel.cz\/wp-content\/uploads\/IMG_20211130_151005-scaled.jpg\" \/>\n\t<meta property=\"og:image:width\" content=\"1920\" \/>\n\t<meta property=\"og:image:height\" content=\"2560\" \/>\n\t<meta property=\"og:image:type\" content=\"image\/jpeg\" \/>\n<meta name=\"twitter:card\" content=\"summary_large_image\" \/>\n<script type=\"application\/ld+json\" class=\"yoast-schema-graph\">{\"@context\":\"https:\/\/schema.org\",\"@graph\":[{\"@type\":\"WebPage\",\"@id\":\"https:\/\/www.thelabel.cz\/product\/nejjednodusi-pleteni-celenky-za-2-hodiny-s-hladkym-svem\/\",\"url\":\"https:\/\/www.thelabel.cz\/product\/nejjednodusi-pleteni-celenky-za-2-hodiny-s-hladkym-svem\/\",\"name\":\"Workshop -the easiest knitting headband in 2 hours with a smooth seam\",\"isPartOf\":{\"@id\":\"https:\/\/www.thelabel.cz\/#website\"},\"primaryImageOfPage\":{\"@id\":\"https:\/\/www.thelabel.cz\/product\/nejjednodusi-pleteni-celenky-za-2-hodiny-s-hladkym-svem\/#primaryimage\"},\"image\":{\"@id\":\"https:\/\/www.thelabel.cz\/product\/nejjednodusi-pleteni-celenky-za-2-hodiny-s-hladkym-svem\/#primaryimage\"},\"thumbnailUrl\":\"https:\/\/www.thelabel.cz\/wp-content\/uploads\/IMG_20211130_151005-scaled.jpg\",\"datePublished\":\"2021-12-02T21:14:32+00:00\",\"dateModified\":\"2021-12-07T16:25:11+00:00\",\"description\":\"* Easy mini-course with detailed description and video. * Difficulty knitting - suitable for kids and beginners! We need: 1-2 skeins of Czech yarn Vlnap \u201cGeisha\u201d (65% modacrylic, 20% wool, 15% mohair. 50g-139 meters * Links to purchase material can be found at the end of the mini-course. Or you can buy a box with a knitting set from us.\",\"breadcrumb\":{\"@id\":\"https:\/\/www.thelabel.cz\/product\/nejjednodusi-pleteni-celenky-za-2-hodiny-s-hladkym-svem\/#breadcrumb\"},\"inLanguage\":\"en-GB\",\"potentialAction\":[{\"@type\":\"ReadAction\",\"target\":[\"https:\/\/www.thelabel.cz\/product\/nejjednodusi-pleteni-celenky-za-2-hodiny-s-hladkym-svem\/\"]}]},{\"@type\":\"ImageObject\",\"inLanguage\":\"en-GB\",\"@id\":\"https:\/\/www.thelabel.cz\/product\/nejjednodusi-pleteni-celenky-za-2-hodiny-s-hladkym-svem\/#primaryimage\",\"url\":\"https:\/\/www.thelabel.cz\/wp-content\/uploads\/IMG_20211130_151005-scaled.jpg\",\"contentUrl\":\"https:\/\/www.thelabel.cz\/wp-content\/uploads\/IMG_20211130_151005-scaled.jpg\",\"width\":1920,\"height\":2560,\"caption\":\"fbt\"},{\"@type\":\"BreadcrumbList\",\"@id\":\"https:\/\/www.thelabel.cz\/product\/nejjednodusi-pleteni-celenky-za-2-hodiny-s-hladkym-svem\/#breadcrumb\",\"itemListElement\":[{\"@type\":\"ListItem\",\"position\":1,\"name\":\"\u0413\u043b\u0430\u0432\u043d\u0430\u044f \u0441\u0442\u0440\u0430\u043d\u0438\u0446\u0430\",\"item\":\"https:\/\/www.thelabel.cz\/en\/\"},{\"@type\":\"ListItem\",\"position\":2,\"name\":\"E-Shop | The Label.cz\",\"item\":\"https:\/\/www.thelabel.cz\/shop\/\"},{\"@type\":\"ListItem\",\"position\":3,\"name\":\"Kurz-nejjednodu\u0161\u00ed pleten\u00ed \u010delenky za 2 hodiny s hladk\u00fdm \u0161vem\"}]},{\"@type\":\"WebSite\",\"@id\":\"https:\/\/www.thelabel.cz\/#website\",\"url\":\"https:\/\/www.thelabel.cz\/\",\"name\":\"TheLabel.cz\",\"description\":\"The Label Apparel\",\"publisher\":{\"@id\":\"https:\/\/www.thelabel.cz\/#organization\"},\"potentialAction\":[{\"@type\":\"SearchAction\",\"target\":{\"@type\":\"EntryPoint\",\"urlTemplate\":\"https:\/\/www.thelabel.cz\/?s={search_term_string}\"},\"query-input\":{\"@type\":\"PropertyValueSpecification\",\"valueRequired\":true,\"valueName\":\"search_term_string\"}}],\"inLanguage\":\"en-GB\"},{\"@type\":\"Organization\",\"@id\":\"https:\/\/www.thelabel.cz\/#organization\",\"name\":\"TheLabel.cz\",\"url\":\"https:\/\/www.thelabel.cz\/\",\"logo\":{\"@type\":\"ImageObject\",\"inLanguage\":\"en-GB\",\"@id\":\"https:\/\/www.thelabel.cz\/#\/schema\/logo\/image\/\",\"url\":\"https:\/\/www.thelabel.cz\/wp-content\/uploads\/cropped-the-label-favicon.png\",\"contentUrl\":\"https:\/\/www.thelabel.cz\/wp-content\/uploads\/cropped-the-label-favicon.png\",\"width\":512,\"height\":512,\"caption\":\"TheLabel.cz\"},\"image\":{\"@id\":\"https:\/\/www.thelabel.cz\/#\/schema\/logo\/image\/\"},\"sameAs\":[\"https:\/\/www.facebook.com\/thelabelcz-106272481275155\/?ref=page_internal\",\"https:\/\/www.instagram.com\/thelabel.cz\/\"]}]}<\/script>\n<!-- \/ Yoast SEO plugin. -->","yoast_head_json":{"title":"Workshop -the easiest knitting headband in 2 hours with a smooth seam","description":"[:cz]*Snadn\u00fd minikurz s podrobn\u00fdm popisem a videem. *Obt\u00ed\u017enost pleten\u00ed - vhodn\u00e9 pro d\u011bti a za\u010d\u00e1te\u010dn\u00edky! Pot\u0159ebujeme: 1-2 p\u0159\u00e1denka z \u010desk\u00e9 p\u0159\u00edze Vlnap \u201cGej\u0161a\u201d (65% modakryl, 20% vlna, 15% moh\u00e9r. 50g-139 metr\u016f * Odkazy na n\u00e1kup materi\u00e1lu najdete na konci minikurzu. Nebo si u n\u00e1s m\u016f\u017eete koupit krabici se sadou na pleten\u00ed.[:en]* Easy mini-course with detailed description and video. * Difficulty knitting - suitable for kids and beginners! We need: 1-2 skeins of Czech yarn Vlnap \u201cGeisha\u201d (65% modacrylic, 20% wool, 15% mohair. 50g-139 meters * Links to purchase material can be found at the end of the mini-course. Or you can buy a box with a knitting set from us.[:]","robots":{"index":"index","follow":"follow","max-snippet":"max-snippet:-1","max-image-preview":"max-image-preview:large","max-video-preview":"max-video-preview:-1"},"canonical":"https:\/\/www.thelabel.cz\/en\/product\/nejjednodusi-pleteni-celenky-za-2-hodiny-s-hladkym-svem\/","og_locale":"en_GB","og_type":"article","og_title":"[:cz]Kurz-nejjednodu\u0161\u00ed pleten\u00ed \u010delenky za 2 hodiny s hladk\u00fdm \u0161vem[:en]Workshop -the easiest knitting headband in 2 hours with a smooth seam[:] - The Label","og_description":"[:cz]*Snadn\u00fd minikurz s podrobn\u00fdm popisem a videem. *Obt\u00ed\u017enost pleten\u00ed - vhodn\u00e9 pro d\u011bti a za\u010d\u00e1te\u010dn\u00edky! Pot\u0159ebujeme: 1-2 p\u0159\u00e1denka z \u010desk\u00e9 p\u0159\u00edze Vlnap \u201cGej\u0161a\u201d (65% modakryl, 20% vlna, 15% moh\u00e9r. 50g-139 metr\u016f * Odkazy na n\u00e1kup materi\u00e1lu najdete na konci minikurzu. Nebo si u n\u00e1s m\u016f\u017eete koupit krabici se sadou na pleten\u00ed.[:en]* Easy mini-course with detailed description and video. * Difficulty knitting - suitable for kids and beginners! We need: 1-2 skeins of Czech yarn Vlnap \u201cGeisha\u201d (65% modacrylic, 20% wool, 15% mohair. 50g-139 meters * Links to purchase material can be found at the end of the mini-course. Or you can buy a box with a knitting set from us.[:]","og_url":"https:\/\/www.thelabel.cz\/en\/product\/nejjednodusi-pleteni-celenky-za-2-hodiny-s-hladkym-svem\/","og_site_name":"The Label","article_publisher":"https:\/\/www.facebook.com\/thelabelcz-106272481275155\/?ref=page_internal","article_modified_time":"2021-12-07T16:25:11+00:00","og_image":[{"width":1920,"height":2560,"url":"https:\/\/www.thelabel.cz\/wp-content\/uploads\/IMG_20211130_151005-scaled.jpg","type":"image\/jpeg"}],"twitter_card":"summary_large_image","schema":{"@context":"https:\/\/schema.org","@graph":[{"@type":"WebPage","@id":"https:\/\/www.thelabel.cz\/product\/nejjednodusi-pleteni-celenky-za-2-hodiny-s-hladkym-svem\/","url":"https:\/\/www.thelabel.cz\/product\/nejjednodusi-pleteni-celenky-za-2-hodiny-s-hladkym-svem\/","name":"Workshop -the easiest knitting headband in 2 hours with a smooth seam","isPartOf":{"@id":"https:\/\/www.thelabel.cz\/#website"},"primaryImageOfPage":{"@id":"https:\/\/www.thelabel.cz\/product\/nejjednodusi-pleteni-celenky-za-2-hodiny-s-hladkym-svem\/#primaryimage"},"image":{"@id":"https:\/\/www.thelabel.cz\/product\/nejjednodusi-pleteni-celenky-za-2-hodiny-s-hladkym-svem\/#primaryimage"},"thumbnailUrl":"https:\/\/www.thelabel.cz\/wp-content\/uploads\/IMG_20211130_151005-scaled.jpg","datePublished":"2021-12-02T21:14:32+00:00","dateModified":"2021-12-07T16:25:11+00:00","description":"* Easy mini-course with detailed description and video. * Difficulty knitting - suitable for kids and beginners! We need: 1-2 skeins of Czech yarn Vlnap \u201cGeisha\u201d (65% modacrylic, 20% wool, 15% mohair. 50g-139 meters * Links to purchase material can be found at the end of the mini-course. Or you can buy a box with a knitting set from us.","breadcrumb":{"@id":"https:\/\/www.thelabel.cz\/product\/nejjednodusi-pleteni-celenky-za-2-hodiny-s-hladkym-svem\/#breadcrumb"},"inLanguage":"en-GB","potentialAction":[{"@type":"ReadAction","target":["https:\/\/www.thelabel.cz\/product\/nejjednodusi-pleteni-celenky-za-2-hodiny-s-hladkym-svem\/"]}]},{"@type":"ImageObject","inLanguage":"en-GB","@id":"https:\/\/www.thelabel.cz\/product\/nejjednodusi-pleteni-celenky-za-2-hodiny-s-hladkym-svem\/#primaryimage","url":"https:\/\/www.thelabel.cz\/wp-content\/uploads\/IMG_20211130_151005-scaled.jpg","contentUrl":"https:\/\/www.thelabel.cz\/wp-content\/uploads\/IMG_20211130_151005-scaled.jpg","width":1920,"height":2560,"caption":"fbt"},{"@type":"BreadcrumbList","@id":"https:\/\/www.thelabel.cz\/product\/nejjednodusi-pleteni-celenky-za-2-hodiny-s-hladkym-svem\/#breadcrumb","itemListElement":[{"@type":"ListItem","position":1,"name":"\u0413\u043b\u0430\u0432\u043d\u0430\u044f \u0441\u0442\u0440\u0430\u043d\u0438\u0446\u0430","item":"https:\/\/www.thelabel.cz\/en\/"},{"@type":"ListItem","position":2,"name":"E-Shop | The Label.cz","item":"https:\/\/www.thelabel.cz\/shop\/"},{"@type":"ListItem","position":3,"name":"Kurz-nejjednodu\u0161\u00ed pleten\u00ed \u010delenky za 2 hodiny s hladk\u00fdm \u0161vem"}]},{"@type":"WebSite","@id":"https:\/\/www.thelabel.cz\/#website","url":"https:\/\/www.thelabel.cz\/","name":"TheLabel.cz","description":"The Label Apparel","publisher":{"@id":"https:\/\/www.thelabel.cz\/#organization"},"potentialAction":[{"@type":"SearchAction","target":{"@type":"EntryPoint","urlTemplate":"https:\/\/www.thelabel.cz\/?s={search_term_string}"},"query-input":{"@type":"PropertyValueSpecification","valueRequired":true,"valueName":"search_term_string"}}],"inLanguage":"en-GB"},{"@type":"Organization","@id":"https:\/\/www.thelabel.cz\/#organization","name":"TheLabel.cz","url":"https:\/\/www.thelabel.cz\/","logo":{"@type":"ImageObject","inLanguage":"en-GB","@id":"https:\/\/www.thelabel.cz\/#\/schema\/logo\/image\/","url":"https:\/\/www.thelabel.cz\/wp-content\/uploads\/cropped-the-label-favicon.png","contentUrl":"https:\/\/www.thelabel.cz\/wp-content\/uploads\/cropped-the-label-favicon.png","width":512,"height":512,"caption":"TheLabel.cz"},"image":{"@id":"https:\/\/www.thelabel.cz\/#\/schema\/logo\/image\/"},"sameAs":["https:\/\/www.facebook.com\/thelabelcz-106272481275155\/?ref=page_internal","https:\/\/www.instagram.com\/thelabel.cz\/"]}]}},"_links":{"self":[{"href":"https:\/\/www.thelabel.cz\/en\/wp-json\/wp\/v2\/product\/924","targetHints":{"allow":["GET"]}}],"collection":[{"href":"https:\/\/www.thelabel.cz\/en\/wp-json\/wp\/v2\/product"}],"about":[{"href":"https:\/\/www.thelabel.cz\/en\/wp-json\/wp\/v2\/types\/product"}],"wp:featuredmedia":[{"embeddable":true,"href":"https:\/\/www.thelabel.cz\/en\/wp-json\/wp\/v2\/media\/925"}],"wp:attachment":[{"href":"https:\/\/www.thelabel.cz\/en\/wp-json\/wp\/v2\/media?parent=924"}],"wp:term":[{"taxonomy":"product_brand","embeddable":true,"href":"https:\/\/www.thelabel.cz\/en\/wp-json\/wp\/v2\/product_brand?post=924"},{"taxonomy":"product_cat","embeddable":true,"href":"https:\/\/www.thelabel.cz\/en\/wp-json\/wp\/v2\/product_cat?post=924"},{"taxonomy":"product_tag","embeddable":true,"href":"https:\/\/www.thelabel.cz\/en\/wp-json\/wp\/v2\/product_tag?post=924"}],"curies":[{"name":"wp","href":"https:\/\/api.w.org\/{rel}","templated":true}]}}