{"id":950,"date":"2021-12-05T17:11:16","date_gmt":"2021-12-05T17:11:16","guid":{"rendered":"https:\/\/thelabel.cz\/?post_type=product&#038;p=950"},"modified":"2021-12-05T17:13:20","modified_gmt":"2021-12-05T17:13:20","slug":"kardigan-s-japonskym-ramenem-jablko","status":"publish","type":"product","link":"https:\/\/www.thelabel.cz\/en\/product\/kardigan-s-japonskym-ramenem-jablko\/","title":{"rendered":"Cardigan &#8220;Japanese shoulder &#8211; Blue&#8221;"},"content":{"rendered":"","protected":false},"excerpt":{"rendered":"","protected":false},"featured_media":944,"template":"","meta":{"_acf_changed":false},"product_brand":[],"product_cat":[19],"product_tag":[18],"class_list":{"0":"post-950","1":"product","2":"type-product","3":"status-publish","4":"has-post-thumbnail","6":"product_cat-kardigany","7":"product_tag-product-main","9":"first","10":"instock","11":"sale","12":"taxable","13":"shipping-taxable","14":"purchasable","15":"product-type-simple"},"acf":[],"yoast_head":"<!-- This site is optimized with the Yoast SEO plugin v25.6 - https:\/\/yoast.com\/wordpress\/plugins\/seo\/ -->\n<title>Cardigan &quot;Japanese shoulder - Blue&quot;<\/title>\n<meta name=\"description\" content=\"Knitted \u0441ardigan. Light, warm. Cardigan with &quot;Japanese shoulder&quot; - visually improves the curvature of the back! Model&#039;s height - 168cm, size model \u041c\" \/>\n<meta name=\"robots\" content=\"index, follow, max-snippet:-1, max-image-preview:large, max-video-preview:-1\" \/>\n<link rel=\"canonical\" href=\"https:\/\/www.thelabel.cz\/en\/product\/kardigan-s-japonskym-ramenem-jablko\/\" \/>\n<meta property=\"og:locale\" content=\"en_GB\" \/>\n<meta property=\"og:locale:alternate\" content=\"cs-cs\" \/>\n<meta property=\"og:type\" content=\"article\" \/>\n<meta property=\"og:title\" content=\"Cardigan &quot;Japanese shoulder - Blue&quot;\" \/>\n<meta property=\"og:description\" content=\"Knitted \u0441ardigan. Light, warm. Cardigan with &quot;Japanese shoulder&quot; - visually improves the curvature of the back! Model&#039;s height - 168cm, size model \u041c\" \/>\n<meta property=\"og:url\" content=\"https:\/\/www.thelabel.cz\/en\/product\/kardigan-s-japonskym-ramenem-jablko\/\" \/>\n<meta property=\"og:site_name\" content=\"The Label\" \/>\n<meta property=\"article:publisher\" content=\"https:\/\/www.facebook.com\/thelabelcz-106272481275155\/?ref=page_internal\" \/>\n<meta property=\"article:modified_time\" content=\"2021-12-05T17:13:20+00:00\" \/>\n<meta property=\"og:image\" content=\"https:\/\/www.thelabel.cz\/wp-content\/uploads\/DSC_8851-min.jpg\" \/>\n\t<meta property=\"og:image:width\" content=\"1334\" \/>\n\t<meta property=\"og:image:height\" content=\"2000\" \/>\n\t<meta property=\"og:image:type\" content=\"image\/jpeg\" \/>\n<meta name=\"twitter:card\" content=\"summary_large_image\" \/>\n<script type=\"application\/ld+json\" class=\"yoast-schema-graph\">{\"@context\":\"https:\/\/schema.org\",\"@graph\":[{\"@type\":\"WebPage\",\"@id\":\"https:\/\/www.thelabel.cz\/product\/kardigan-s-japonskym-ramenem-jablko\/\",\"url\":\"https:\/\/www.thelabel.cz\/product\/kardigan-s-japonskym-ramenem-jablko\/\",\"name\":\"Cardigan \\\"Japanese shoulder - Blue\\\"\",\"isPartOf\":{\"@id\":\"https:\/\/www.thelabel.cz\/#website\"},\"primaryImageOfPage\":{\"@id\":\"https:\/\/www.thelabel.cz\/product\/kardigan-s-japonskym-ramenem-jablko\/#primaryimage\"},\"image\":{\"@id\":\"https:\/\/www.thelabel.cz\/product\/kardigan-s-japonskym-ramenem-jablko\/#primaryimage\"},\"thumbnailUrl\":\"https:\/\/www.thelabel.cz\/wp-content\/uploads\/DSC_8851-min.jpg\",\"datePublished\":\"2021-12-05T17:11:16+00:00\",\"dateModified\":\"2021-12-05T17:13:20+00:00\",\"description\":\"Knitted \u0441ardigan. Light, warm. Cardigan with \\\"Japanese shoulder\\\" - visually improves the curvature of the back! Model's height - 168cm, size model \u041c\",\"breadcrumb\":{\"@id\":\"https:\/\/www.thelabel.cz\/product\/kardigan-s-japonskym-ramenem-jablko\/#breadcrumb\"},\"inLanguage\":\"en-GB\",\"potentialAction\":[{\"@type\":\"ReadAction\",\"target\":[\"https:\/\/www.thelabel.cz\/product\/kardigan-s-japonskym-ramenem-jablko\/\"]}]},{\"@type\":\"ImageObject\",\"inLanguage\":\"en-GB\",\"@id\":\"https:\/\/www.thelabel.cz\/product\/kardigan-s-japonskym-ramenem-jablko\/#primaryimage\",\"url\":\"https:\/\/www.thelabel.cz\/wp-content\/uploads\/DSC_8851-min.jpg\",\"contentUrl\":\"https:\/\/www.thelabel.cz\/wp-content\/uploads\/DSC_8851-min.jpg\",\"width\":1334,\"height\":2000},{\"@type\":\"BreadcrumbList\",\"@id\":\"https:\/\/www.thelabel.cz\/product\/kardigan-s-japonskym-ramenem-jablko\/#breadcrumb\",\"itemListElement\":[{\"@type\":\"ListItem\",\"position\":1,\"name\":\"\u0413\u043b\u0430\u0432\u043d\u0430\u044f \u0441\u0442\u0440\u0430\u043d\u0438\u0446\u0430\",\"item\":\"https:\/\/www.thelabel.cz\/en\/\"},{\"@type\":\"ListItem\",\"position\":2,\"name\":\"E-Shop | The Label.cz\",\"item\":\"https:\/\/www.thelabel.cz\/shop\/\"},{\"@type\":\"ListItem\",\"position\":3,\"name\":\"Kardigan s &#8222;japonsk\u00fdm ramenem &#8211; Blue&#8220;\"}]},{\"@type\":\"WebSite\",\"@id\":\"https:\/\/www.thelabel.cz\/#website\",\"url\":\"https:\/\/www.thelabel.cz\/\",\"name\":\"TheLabel.cz\",\"description\":\"The Label Apparel\",\"publisher\":{\"@id\":\"https:\/\/www.thelabel.cz\/#organization\"},\"potentialAction\":[{\"@type\":\"SearchAction\",\"target\":{\"@type\":\"EntryPoint\",\"urlTemplate\":\"https:\/\/www.thelabel.cz\/?s={search_term_string}\"},\"query-input\":{\"@type\":\"PropertyValueSpecification\",\"valueRequired\":true,\"valueName\":\"search_term_string\"}}],\"inLanguage\":\"en-GB\"},{\"@type\":\"Organization\",\"@id\":\"https:\/\/www.thelabel.cz\/#organization\",\"name\":\"TheLabel.cz\",\"url\":\"https:\/\/www.thelabel.cz\/\",\"logo\":{\"@type\":\"ImageObject\",\"inLanguage\":\"en-GB\",\"@id\":\"https:\/\/www.thelabel.cz\/#\/schema\/logo\/image\/\",\"url\":\"https:\/\/www.thelabel.cz\/wp-content\/uploads\/cropped-the-label-favicon.png\",\"contentUrl\":\"https:\/\/www.thelabel.cz\/wp-content\/uploads\/cropped-the-label-favicon.png\",\"width\":512,\"height\":512,\"caption\":\"TheLabel.cz\"},\"image\":{\"@id\":\"https:\/\/www.thelabel.cz\/#\/schema\/logo\/image\/\"},\"sameAs\":[\"https:\/\/www.facebook.com\/thelabelcz-106272481275155\/?ref=page_internal\",\"https:\/\/www.instagram.com\/thelabel.cz\/\"]}]}<\/script>\n<!-- \/ Yoast SEO plugin. -->","yoast_head_json":{"title":"Cardigan \"Japanese shoulder - Blue\"","description":"[:cz]Pleten\u00fd kardigan. Lehk\u00e9, tepl\u00e9. Kardigan s \"japonsk\u00fdm ramenem\" - vizu\u00e1ln\u011b zlep\u0161uje zak\u0159iven\u00ed zad! V\u00fd\u0161ka modelu - 178 cm, velikost modelu je M[:en]Knitted \u0441ardigan. Light, warm. Cardigan with \"Japanese shoulder\" - visually improves the curvature of the back! Model's height - 168cm, size model \u041c[:]","robots":{"index":"index","follow":"follow","max-snippet":"max-snippet:-1","max-image-preview":"max-image-preview:large","max-video-preview":"max-video-preview:-1"},"canonical":"https:\/\/www.thelabel.cz\/en\/product\/kardigan-s-japonskym-ramenem-jablko\/","og_locale":"en_GB","og_type":"article","og_title":"[:cz]Kardigan s \"japonsk\u00fdm ramenem - Blue\"[:en]Cardigan \"Japanese shoulder - Blue\"[:] - The Label","og_description":"[:cz]Pleten\u00fd kardigan. Lehk\u00e9, tepl\u00e9. Kardigan s \"japonsk\u00fdm ramenem\" - vizu\u00e1ln\u011b zlep\u0161uje zak\u0159iven\u00ed zad! V\u00fd\u0161ka modelu - 178 cm, velikost modelu je M[:en]Knitted \u0441ardigan. Light, warm. Cardigan with \"Japanese shoulder\" - visually improves the curvature of the back! Model's height - 168cm, size model \u041c[:]","og_url":"https:\/\/www.thelabel.cz\/en\/product\/kardigan-s-japonskym-ramenem-jablko\/","og_site_name":"The Label","article_publisher":"https:\/\/www.facebook.com\/thelabelcz-106272481275155\/?ref=page_internal","article_modified_time":"2021-12-05T17:13:20+00:00","og_image":[{"width":1334,"height":2000,"url":"https:\/\/www.thelabel.cz\/wp-content\/uploads\/DSC_8851-min.jpg","type":"image\/jpeg"}],"twitter_card":"summary_large_image","schema":{"@context":"https:\/\/schema.org","@graph":[{"@type":"WebPage","@id":"https:\/\/www.thelabel.cz\/product\/kardigan-s-japonskym-ramenem-jablko\/","url":"https:\/\/www.thelabel.cz\/product\/kardigan-s-japonskym-ramenem-jablko\/","name":"Cardigan \"Japanese shoulder - Blue\"","isPartOf":{"@id":"https:\/\/www.thelabel.cz\/#website"},"primaryImageOfPage":{"@id":"https:\/\/www.thelabel.cz\/product\/kardigan-s-japonskym-ramenem-jablko\/#primaryimage"},"image":{"@id":"https:\/\/www.thelabel.cz\/product\/kardigan-s-japonskym-ramenem-jablko\/#primaryimage"},"thumbnailUrl":"https:\/\/www.thelabel.cz\/wp-content\/uploads\/DSC_8851-min.jpg","datePublished":"2021-12-05T17:11:16+00:00","dateModified":"2021-12-05T17:13:20+00:00","description":"Knitted \u0441ardigan. Light, warm. Cardigan with \"Japanese shoulder\" - visually improves the curvature of the back! Model's height - 168cm, size model \u041c","breadcrumb":{"@id":"https:\/\/www.thelabel.cz\/product\/kardigan-s-japonskym-ramenem-jablko\/#breadcrumb"},"inLanguage":"en-GB","potentialAction":[{"@type":"ReadAction","target":["https:\/\/www.thelabel.cz\/product\/kardigan-s-japonskym-ramenem-jablko\/"]}]},{"@type":"ImageObject","inLanguage":"en-GB","@id":"https:\/\/www.thelabel.cz\/product\/kardigan-s-japonskym-ramenem-jablko\/#primaryimage","url":"https:\/\/www.thelabel.cz\/wp-content\/uploads\/DSC_8851-min.jpg","contentUrl":"https:\/\/www.thelabel.cz\/wp-content\/uploads\/DSC_8851-min.jpg","width":1334,"height":2000},{"@type":"BreadcrumbList","@id":"https:\/\/www.thelabel.cz\/product\/kardigan-s-japonskym-ramenem-jablko\/#breadcrumb","itemListElement":[{"@type":"ListItem","position":1,"name":"\u0413\u043b\u0430\u0432\u043d\u0430\u044f \u0441\u0442\u0440\u0430\u043d\u0438\u0446\u0430","item":"https:\/\/www.thelabel.cz\/en\/"},{"@type":"ListItem","position":2,"name":"E-Shop | The Label.cz","item":"https:\/\/www.thelabel.cz\/shop\/"},{"@type":"ListItem","position":3,"name":"Kardigan s &#8222;japonsk\u00fdm ramenem &#8211; Blue&#8220;"}]},{"@type":"WebSite","@id":"https:\/\/www.thelabel.cz\/#website","url":"https:\/\/www.thelabel.cz\/","name":"TheLabel.cz","description":"The Label Apparel","publisher":{"@id":"https:\/\/www.thelabel.cz\/#organization"},"potentialAction":[{"@type":"SearchAction","target":{"@type":"EntryPoint","urlTemplate":"https:\/\/www.thelabel.cz\/?s={search_term_string}"},"query-input":{"@type":"PropertyValueSpecification","valueRequired":true,"valueName":"search_term_string"}}],"inLanguage":"en-GB"},{"@type":"Organization","@id":"https:\/\/www.thelabel.cz\/#organization","name":"TheLabel.cz","url":"https:\/\/www.thelabel.cz\/","logo":{"@type":"ImageObject","inLanguage":"en-GB","@id":"https:\/\/www.thelabel.cz\/#\/schema\/logo\/image\/","url":"https:\/\/www.thelabel.cz\/wp-content\/uploads\/cropped-the-label-favicon.png","contentUrl":"https:\/\/www.thelabel.cz\/wp-content\/uploads\/cropped-the-label-favicon.png","width":512,"height":512,"caption":"TheLabel.cz"},"image":{"@id":"https:\/\/www.thelabel.cz\/#\/schema\/logo\/image\/"},"sameAs":["https:\/\/www.facebook.com\/thelabelcz-106272481275155\/?ref=page_internal","https:\/\/www.instagram.com\/thelabel.cz\/"]}]}},"_links":{"self":[{"href":"https:\/\/www.thelabel.cz\/en\/wp-json\/wp\/v2\/product\/950","targetHints":{"allow":["GET"]}}],"collection":[{"href":"https:\/\/www.thelabel.cz\/en\/wp-json\/wp\/v2\/product"}],"about":[{"href":"https:\/\/www.thelabel.cz\/en\/wp-json\/wp\/v2\/types\/product"}],"wp:featuredmedia":[{"embeddable":true,"href":"https:\/\/www.thelabel.cz\/en\/wp-json\/wp\/v2\/media\/944"}],"wp:attachment":[{"href":"https:\/\/www.thelabel.cz\/en\/wp-json\/wp\/v2\/media?parent=950"}],"wp:term":[{"taxonomy":"product_brand","embeddable":true,"href":"https:\/\/www.thelabel.cz\/en\/wp-json\/wp\/v2\/product_brand?post=950"},{"taxonomy":"product_cat","embeddable":true,"href":"https:\/\/www.thelabel.cz\/en\/wp-json\/wp\/v2\/product_cat?post=950"},{"taxonomy":"product_tag","embeddable":true,"href":"https:\/\/www.thelabel.cz\/en\/wp-json\/wp\/v2\/product_tag?post=950"}],"curies":[{"name":"wp","href":"https:\/\/api.w.org\/{rel}","templated":true}]}}